{"id":2056,"date":"2025-02-07T16:23:58","date_gmt":"2025-02-07T16:23:58","guid":{"rendered":"https:\/\/neos-service.com\/prodotti-chimici\/cartiere\/cilindro-monolucido\/"},"modified":"2025-02-12T14:03:30","modified_gmt":"2025-02-12T14:03:30","slug":"cilindro-monolucido","status":"publish","type":"page","link":"https:\/\/neos-service.com\/fr\/prodotti-chimici\/cartiere\/cilindro-monolucido\/","title":{"rendered":"CYLINDRE YANKEE"},"content":{"rendered":"\t\t<div data-elementor-type=\"wp-page\" data-elementor-id=\"2056\" class=\"elementor elementor-2056 elementor-1908\">\n\t\t\t\t<div class=\"elementor-element elementor-element-208c922 e-flex e-con-boxed e-con e-parent\" data-id=\"208c922\" data-element_type=\"container\">\n\t\t\t\t\t<div class=\"e-con-inner\">\n\t\t\t\t<div class=\"elementor-element elementor-element-2f10e5f elementor-widget elementor-widget-heading\" data-id=\"2f10e5f\" data-element_type=\"widget\" data-widget_type=\"heading.default\">\n\t\t\t\t<div class=\"elementor-widget-container\">\n\t\t\t\t\t<h2 class=\"elementor-heading-title elementor-size-default\">Produits et traitements<\/h2>\t\t\t\t<\/div>\n\t\t\t\t<\/div>\n\t\t\t\t<div class=\"elementor-element elementor-element-ae5a214 elementor-widget elementor-widget-heading\" data-id=\"ae5a214\" data-element_type=\"widget\" data-widget_type=\"heading.default\">\n\t\t\t\t<div class=\"elementor-widget-container\">\n\t\t\t\t\t<h1 class=\"elementor-heading-title elementor-size-default\">\nCYLINDRE YANKEE<\/h1>\t\t\t\t<\/div>\n\t\t\t\t<\/div>\n\t\t\t\t\t<\/div>\n\t\t\t\t<\/div>\n\t\t<div class=\"elementor-element elementor-element-d6636eb e-flex e-con-boxed e-con e-parent\" data-id=\"d6636eb\" data-element_type=\"container\">\n\t\t\t\t\t<div class=\"e-con-inner\">\n\t\t\t\t<div class=\"elementor-element elementor-element-335c438 elementor-widget__width-initial elementor-widget elementor-widget-text-editor\" data-id=\"335c438\" data-element_type=\"widget\" data-widget_type=\"text-editor.default\">\n\t\t\t\t<div class=\"elementor-widget-container\">\n\t\t\t\t\t\t\t\t\t<p>&#8211; Adh\u00e9sifs pour s\u00e9choirs Yankee &#8211; adjuvants de cr\u00eapage &#8211; Modificateurs (plastifiants\/phosphates) &#8211; Technologie de d\u00e9moulage Yankee (\u00e0 base d&rsquo;huile min\u00e9rale, d&rsquo;huile v\u00e9g\u00e9tale ou d&rsquo;huile synth\u00e9tique) &#8211; Adoucisseurs &#8211; Traitements de protection des bords des cylindres<\/p>\n\t\t\t\t\t\t\t\t<\/div>\n\t\t\t\t<\/div>\n\t\t\t\t\t<\/div>\n\t\t\t\t<\/div>\n\t\t\t\t<\/div>\n\t\t","protected":false},"excerpt":{"rendered":"<p>Produits et traitements CYLINDRE YANKEE &#8211; Adh\u00e9sifs pour s\u00e9choirs Yankee &#8211; adjuvants de cr\u00eapage &#8211; Modificateurs (plastifiants\/phosphates) &#8211; Technologie de d\u00e9moulage Yankee (\u00e0 base d&rsquo;huile min\u00e9rale, d&rsquo;huile v\u00e9g\u00e9tale ou d&rsquo;huile synth\u00e9tique) &#8211; Adoucisseurs &#8211; Traitements de protection des bords des cylindres<\/p>\n","protected":false},"author":3,"featured_media":1983,"parent":2024,"menu_order":0,"comment_status":"closed","ping_status":"closed","template":"","meta":{"site-sidebar-layout":"no-sidebar","site-content-layout":"page-builder","ast-site-content-layout":"full-width-container","site-content-style":"unboxed","site-sidebar-style":"unboxed","ast-global-header-display":"","ast-banner-title-visibility":"","ast-main-header-display":"","ast-hfb-above-header-display":"","ast-hfb-below-header-display":"","ast-hfb-mobile-header-display":"","site-post-title":"disabled","ast-breadcrumbs-content":"","ast-featured-img":"disabled","footer-sml-layout":"","ast-disable-related-posts":"","theme-transparent-header-meta":"default","adv-header-id-meta":"","stick-header-meta":"","header-above-stick-meta":"","header-main-stick-meta":"","header-below-stick-meta":"","astra-migrate-meta-layouts":"default","ast-page-background-enabled":"default","ast-page-background-meta":{"desktop":{"background-color":"var(--ast-global-color-4)","background-image":"","background-repeat":"repeat","background-position":"center center","background-size":"auto","background-attachment":"scroll","background-type":"","background-media":"","overlay-type":"","overlay-color":"","overlay-opacity":"","overlay-gradient":""},"tablet":{"background-color":"","background-image":"","background-repeat":"repeat","background-position":"center center","background-size":"auto","background-attachment":"scroll","background-type":"","background-media":"","overlay-type":"","overlay-color":"","overlay-opacity":"","overlay-gradient":""},"mobile":{"background-color":"","background-image":"","background-repeat":"repeat","background-position":"center center","background-size":"auto","background-attachment":"scroll","background-type":"","background-media":"","overlay-type":"","overlay-color":"","overlay-opacity":"","overlay-gradient":""}},"ast-content-background-meta":{"desktop":{"background-color":"var(--ast-global-color-5)","background-image":"","background-repeat":"repeat","background-position":"center center","background-size":"auto","background-attachment":"scroll","background-type":"","background-media":"","overlay-type":"","overlay-color":"","overlay-opacity":"","overlay-gradient":""},"tablet":{"background-color":"var(--ast-global-color-5)","background-image":"","background-repeat":"repeat","background-position":"center center","background-size":"auto","background-attachment":"scroll","background-type":"","background-media":"","overlay-type":"","overlay-color":"","overlay-opacity":"","overlay-gradient":""},"mobile":{"background-color":"var(--ast-global-color-5)","background-image":"","background-repeat":"repeat","background-position":"center center","background-size":"auto","background-attachment":"scroll","background-type":"","background-media":"","overlay-type":"","overlay-color":"","overlay-opacity":"","overlay-gradient":""}},"footnotes":""},"class_list":["post-2056","page","type-page","status-publish","has-post-thumbnail","hentry"],"aioseo_notices":[],"_links":{"self":[{"href":"https:\/\/neos-service.com\/fr\/wp-json\/wp\/v2\/pages\/2056","targetHints":{"allow":["GET"]}}],"collection":[{"href":"https:\/\/neos-service.com\/fr\/wp-json\/wp\/v2\/pages"}],"about":[{"href":"https:\/\/neos-service.com\/fr\/wp-json\/wp\/v2\/types\/page"}],"author":[{"embeddable":true,"href":"https:\/\/neos-service.com\/fr\/wp-json\/wp\/v2\/users\/3"}],"replies":[{"embeddable":true,"href":"https:\/\/neos-service.com\/fr\/wp-json\/wp\/v2\/comments?post=2056"}],"version-history":[{"count":1,"href":"https:\/\/neos-service.com\/fr\/wp-json\/wp\/v2\/pages\/2056\/revisions"}],"predecessor-version":[{"id":2057,"href":"https:\/\/neos-service.com\/fr\/wp-json\/wp\/v2\/pages\/2056\/revisions\/2057"}],"up":[{"embeddable":true,"href":"https:\/\/neos-service.com\/fr\/wp-json\/wp\/v2\/pages\/2024"}],"wp:featuredmedia":[{"embeddable":true,"href":"https:\/\/neos-service.com\/fr\/wp-json\/wp\/v2\/media\/1983"}],"wp:attachment":[{"href":"https:\/\/neos-service.com\/fr\/wp-json\/wp\/v2\/media?parent=2056"}],"curies":[{"name":"wp","href":"https:\/\/api.w.org\/{rel}","templated":true}]}}