{"id":2037,"date":"2025-02-07T16:22:01","date_gmt":"2025-02-07T16:22:01","guid":{"rendered":"https:\/\/neos-service.com\/prodotti-chimici\/cartiere\/wet-end\/"},"modified":"2025-02-12T14:03:24","modified_gmt":"2025-02-12T14:03:24","slug":"wet-end","status":"publish","type":"page","link":"https:\/\/neos-service.com\/fr\/prodotti-chimici\/cartiere\/wet-end\/","title":{"rendered":"EXTR\u00c9MIT\u00c9 MOUILL\u00c9E"},"content":{"rendered":"\t\t<div data-elementor-type=\"wp-page\" data-elementor-id=\"2037\" class=\"elementor elementor-2037 elementor-1903\">\n\t\t\t\t<div class=\"elementor-element elementor-element-208c922 e-flex e-con-boxed e-con e-parent\" data-id=\"208c922\" data-element_type=\"container\">\n\t\t\t\t\t<div class=\"e-con-inner\">\n\t\t\t\t<div class=\"elementor-element elementor-element-2f10e5f elementor-widget elementor-widget-heading\" data-id=\"2f10e5f\" data-element_type=\"widget\" data-widget_type=\"heading.default\">\n\t\t\t\t<div class=\"elementor-widget-container\">\n\t\t\t\t\t<h2 class=\"elementor-heading-title elementor-size-default\">Produits et traitements<\/h2>\t\t\t\t<\/div>\n\t\t\t\t<\/div>\n\t\t\t\t<div class=\"elementor-element elementor-element-ae5a214 elementor-widget elementor-widget-heading\" data-id=\"ae5a214\" data-element_type=\"widget\" data-widget_type=\"heading.default\">\n\t\t\t\t<div class=\"elementor-widget-container\">\n\t\t\t\t\t<h1 class=\"elementor-heading-title elementor-size-default\">EXTR\u00c9MIT\u00c9 MOUILL\u00c9E<\/h1>\t\t\t\t<\/div>\n\t\t\t\t<\/div>\n\t\t\t\t\t<\/div>\n\t\t\t\t<\/div>\n\t\t<div class=\"elementor-element elementor-element-d6636eb e-flex e-con-boxed e-con e-parent\" data-id=\"d6636eb\" data-element_type=\"container\">\n\t\t\t\t\t<div class=\"e-con-inner\">\n\t\t\t\t<div class=\"elementor-element elementor-element-335c438 elementor-widget__width-initial elementor-widget elementor-widget-text-editor\" data-id=\"335c438\" data-element_type=\"widget\" data-widget_type=\"text-editor.default\">\n\t\t\t\t<div class=\"elementor-widget-container\">\n\t\t\t\t\t\t\t\t\t<p>&#8211; Agents de r\u00e9tention &#8211; Agents de drainage &#8211; Fixatifs &#8211; Agents de floculation et de coagulation &#8211; Agents d&rsquo;ensimage &#8211; AKD et ASA &#8211; Agents dispersants | Anti-calcaire &#8211; Agents antimousse | D\u00e9sa\u00e9rateurs &#8211; Aluminate de sodium | Nitrate d&rsquo;aluminium &#8211; Bentonites &#8211; Biocides &#8211; Agents nettoyants<\/p>\n\t\t\t\t\t\t\t\t<\/div>\n\t\t\t\t<\/div>\n\t\t\t\t\t<\/div>\n\t\t\t\t<\/div>\n\t\t\t\t<\/div>\n\t\t","protected":false},"excerpt":{"rendered":"<p>Produits et traitements EXTR\u00c9MIT\u00c9 MOUILL\u00c9E &#8211; Agents de r\u00e9tention &#8211; Agents de drainage &#8211; Fixatifs &#8211; Agents de floculation et de coagulation &#8211; Agents d&rsquo;ensimage &#8211; AKD et ASA &#8211; Agents dispersants | Anti-calcaire &#8211; Agents antimousse | D\u00e9sa\u00e9rateurs &#8211; Aluminate de sodium | Nitrate d&rsquo;aluminium &#8211; Bentonites &#8211; Biocides &#8211; Agents nettoyants<\/p>\n","protected":false},"author":3,"featured_media":1987,"parent":2024,"menu_order":0,"comment_status":"closed","ping_status":"closed","template":"","meta":{"site-sidebar-layout":"no-sidebar","site-content-layout":"page-builder","ast-site-content-layout":"full-width-container","site-content-style":"unboxed","site-sidebar-style":"unboxed","ast-global-header-display":"","ast-banner-title-visibility":"","ast-main-header-display":"","ast-hfb-above-header-display":"","ast-hfb-below-header-display":"","ast-hfb-mobile-header-display":"","site-post-title":"disabled","ast-breadcrumbs-content":"","ast-featured-img":"disabled","footer-sml-layout":"","ast-disable-related-posts":"","theme-transparent-header-meta":"default","adv-header-id-meta":"","stick-header-meta":"","header-above-stick-meta":"","header-main-stick-meta":"","header-below-stick-meta":"","astra-migrate-meta-layouts":"default","ast-page-background-enabled":"default","ast-page-background-meta":{"desktop":{"background-color":"var(--ast-global-color-4)","background-image":"","background-repeat":"repeat","background-position":"center center","background-size":"auto","background-attachment":"scroll","background-type":"","background-media":"","overlay-type":"","overlay-color":"","overlay-opacity":"","overlay-gradient":""},"tablet":{"background-color":"","background-image":"","background-repeat":"repeat","background-position":"center center","background-size":"auto","background-attachment":"scroll","background-type":"","background-media":"","overlay-type":"","overlay-color":"","overlay-opacity":"","overlay-gradient":""},"mobile":{"background-color":"","background-image":"","background-repeat":"repeat","background-position":"center center","background-size":"auto","background-attachment":"scroll","background-type":"","background-media":"","overlay-type":"","overlay-color":"","overlay-opacity":"","overlay-gradient":""}},"ast-content-background-meta":{"desktop":{"background-color":"var(--ast-global-color-5)","background-image":"","background-repeat":"repeat","background-position":"center center","background-size":"auto","background-attachment":"scroll","background-type":"","background-media":"","overlay-type":"","overlay-color":"","overlay-opacity":"","overlay-gradient":""},"tablet":{"background-color":"var(--ast-global-color-5)","background-image":"","background-repeat":"repeat","background-position":"center center","background-size":"auto","background-attachment":"scroll","background-type":"","background-media":"","overlay-type":"","overlay-color":"","overlay-opacity":"","overlay-gradient":""},"mobile":{"background-color":"var(--ast-global-color-5)","background-image":"","background-repeat":"repeat","background-position":"center center","background-size":"auto","background-attachment":"scroll","background-type":"","background-media":"","overlay-type":"","overlay-color":"","overlay-opacity":"","overlay-gradient":""}},"footnotes":""},"class_list":["post-2037","page","type-page","status-publish","has-post-thumbnail","hentry"],"aioseo_notices":[],"_links":{"self":[{"href":"https:\/\/neos-service.com\/fr\/wp-json\/wp\/v2\/pages\/2037","targetHints":{"allow":["GET"]}}],"collection":[{"href":"https:\/\/neos-service.com\/fr\/wp-json\/wp\/v2\/pages"}],"about":[{"href":"https:\/\/neos-service.com\/fr\/wp-json\/wp\/v2\/types\/page"}],"author":[{"embeddable":true,"href":"https:\/\/neos-service.com\/fr\/wp-json\/wp\/v2\/users\/3"}],"replies":[{"embeddable":true,"href":"https:\/\/neos-service.com\/fr\/wp-json\/wp\/v2\/comments?post=2037"}],"version-history":[{"count":1,"href":"https:\/\/neos-service.com\/fr\/wp-json\/wp\/v2\/pages\/2037\/revisions"}],"predecessor-version":[{"id":2039,"href":"https:\/\/neos-service.com\/fr\/wp-json\/wp\/v2\/pages\/2037\/revisions\/2039"}],"up":[{"embeddable":true,"href":"https:\/\/neos-service.com\/fr\/wp-json\/wp\/v2\/pages\/2024"}],"wp:featuredmedia":[{"embeddable":true,"href":"https:\/\/neos-service.com\/fr\/wp-json\/wp\/v2\/media\/1987"}],"wp:attachment":[{"href":"https:\/\/neos-service.com\/fr\/wp-json\/wp\/v2\/media?parent=2037"}],"curies":[{"name":"wp","href":"https:\/\/api.w.org\/{rel}","templated":true}]}}