{"id":1195,"date":"2024-12-18T14:01:18","date_gmt":"2024-12-18T14:01:18","guid":{"rendered":"https:\/\/neos-service.com\/?page_id=1195"},"modified":"2024-12-18T14:39:33","modified_gmt":"2024-12-18T14:39:33","slug":"pouf","status":"publish","type":"page","link":"https:\/\/neos-service.com\/fr\/pouf\/","title":{"rendered":"Pouf"},"content":{"rendered":"\t\t<div data-elementor-type=\"wp-page\" data-elementor-id=\"1195\" class=\"elementor elementor-1195 elementor-1193\">\n\t\t\t\t\t\t<section class=\"elementor-section elementor-top-section elementor-element elementor-element-85a946f elementor-section-full_width elementor-section-height-default elementor-section-height-default\" data-id=\"85a946f\" data-element_type=\"section\">\n\t\t\t\t\t\t<div class=\"elementor-container elementor-column-gap-wide\">\n\t\t\t\t\t<div class=\"elementor-column elementor-col-50 elementor-top-column elementor-element elementor-element-48cb990\" data-id=\"48cb990\" data-element_type=\"column\">\n\t\t\t<div class=\"elementor-widget-wrap elementor-element-populated\">\n\t\t\t\t\t\t<div class=\"elementor-element elementor-element-30d33f1 elementor-widget elementor-widget-heading\" data-id=\"30d33f1\" data-element_type=\"widget\" data-widget_type=\"heading.default\">\n\t\t\t\t<div class=\"elementor-widget-container\">\n\t\t\t\t\t<h1 class=\"elementor-heading-title elementor-size-default\">Pouf<\/h1>\t\t\t\t<\/div>\n\t\t\t\t<\/div>\n\t\t\t\t<div class=\"elementor-element elementor-element-b9331b2 elementor-widget elementor-widget-heading\" data-id=\"b9331b2\" data-element_type=\"widget\" data-widget_type=\"heading.default\">\n\t\t\t\t<div class=\"elementor-widget-container\">\n\t\t\t\t\t<h1 class=\"elementor-heading-title elementor-size-default\">D\u00e9couvrez Pouf, l'\u00e9liminateur d'odeurs qui ne laisse pas de traces<\/h1>\t\t\t\t<\/div>\n\t\t\t\t<\/div>\n\t\t\t\t<div class=\"elementor-element elementor-element-f907221 elementor-widget-divider--view-line elementor-widget elementor-widget-divider\" data-id=\"f907221\" data-element_type=\"widget\" data-widget_type=\"divider.default\">\n\t\t\t\t<div class=\"elementor-widget-container\">\n\t\t\t\t\t\t\t<div class=\"elementor-divider\">\n\t\t\t<span class=\"elementor-divider-separator\">\n\t\t\t\t\t\t<\/span>\n\t\t<\/div>\n\t\t\t\t\t\t<\/div>\n\t\t\t\t<\/div>\n\t\t\t\t<div class=\"elementor-element elementor-element-d259802 elementor-widget elementor-widget-text-editor\" data-id=\"d259802\" data-element_type=\"widget\" data-widget_type=\"text-editor.default\">\n\t\t\t\t<div class=\"elementor-widget-container\">\n\t\t\t\t\t\t\t\t\t<div class=\"index-presentation\">Entrer dans un environnement infest\u00e9 d&rsquo;odeurs peut \u00eatre franchement ennuyeux.<\/div>\n<div class=\"index-presentation\">Peut-\u00eatre \u00eates-vous le genre de personne qui n&rsquo;aime pas avoir recours aux parfumeurs, mais quelle alternative avez-vous ?<\/div>\n<div> <\/div>\n<div class=\"index-presentation\"><strong>Il y a maintenant Pouf, l&rsquo;\u00e9liminateur d&rsquo;odeurs !<\/strong><\/div>\n<div> <\/div>\n<div class=\"index-presentation\">Un flacon pulv\u00e9risateur pratique qui fait dispara\u00eetre en un rien de temps toutes les odeurs d\u00e9sagr\u00e9ables, sans laisser de traces.<\/div>\n<div> <\/div>\n<div class=\"index-presentation\"><strong>Point, Spray et Pouf.<\/strong><\/div>\n<div> <\/div>\n<div class=\"index-presentation\">Vous pouvez recommencer \u00e0 respirer l&rsquo;air de la maison (ou l&rsquo;air en g\u00e9n\u00e9ral !).<\/div>\n<div class=\"index-presentation\">Notre flacon de 100 ml est tr\u00e8s pratique \u00e0 transporter en permanence.<\/div>\n<div class=\"index-presentation\">Et quand il n&rsquo;y en a plus ? Pas de probl\u00e8me, nous avons aussi pens\u00e9 aux recharges : vous pouvez r\u00e9utiliser Pouf sans gaspillage ! D\u00e9couvrez notre gamme de produits !<\/div>\n\t\t\t\t\t\t\t\t<\/div>\n\t\t\t\t<\/div>\n\t\t<div class=\"elementor-element elementor-element-848518f e-flex e-con-boxed e-con e-parent\" data-id=\"848518f\" data-element_type=\"container\">\n\t\t\t\t\t<div class=\"e-con-inner\">\n\t\t\t\t<div class=\"elementor-element elementor-element-3de2cee elementor-align-center elementor-widget elementor-widget-button\" data-id=\"3de2cee\" data-element_type=\"widget\" data-widget_type=\"button.default\">\n\t\t\t\t<div class=\"elementor-widget-container\">\n\t\t\t\t\t\t\t\t\t<div class=\"elementor-button-wrapper\">\n\t\t\t\t\t<a class=\"elementor-button elementor-button-link elementor-size-sm\" href=\"https:\/\/www.poufodori.it\/\">\n\t\t\t\t\t\t<span class=\"elementor-button-content-wrapper\">\n\t\t\t\t\t\t\t\t\t<span class=\"elementor-button-text\">D\u00e9couvrez Pouf<\/span>\n\t\t\t\t\t<\/span>\n\t\t\t\t\t<\/a>\n\t\t\t\t<\/div>\n\t\t\t\t\t\t\t\t<\/div>\n\t\t\t\t<\/div>\n\t\t\t\t\t<\/div>\n\t\t\t\t<\/div>\n\t\t\t\t\t<\/div>\n\t\t<\/div>\n\t\t\t\t<div class=\"elementor-column elementor-col-50 elementor-top-column elementor-element elementor-element-f81fb26\" data-id=\"f81fb26\" data-element_type=\"column\" data-settings=\"{&quot;background_background&quot;:&quot;classic&quot;}\">\n\t\t\t<div class=\"elementor-widget-wrap elementor-element-populated\">\n\t\t\t\t\t\t<div class=\"elementor-element elementor-element-d67d055 elementor-widget elementor-widget-heading\" data-id=\"d67d055\" data-element_type=\"widget\" data-widget_type=\"heading.default\">\n\t\t\t\t<div class=\"elementor-widget-container\">\n\t\t\t\t\t<h2 class=\"elementor-heading-title elementor-size-default\">  <\/h2>\t\t\t\t<\/div>\n\t\t\t\t<\/div>\n\t\t\t\t\t<\/div>\n\t\t<\/div>\n\t\t\t\t\t<\/div>\n\t\t<\/section>\n\t\t\t\t<section class=\"elementor-section elementor-top-section elementor-element elementor-element-e8561ef elementor-section-full_width elementor-section-height-default elementor-section-height-default\" data-id=\"e8561ef\" data-element_type=\"section\" data-settings=\"{&quot;background_background&quot;:&quot;classic&quot;}\">\n\t\t\t\t\t\t<div class=\"elementor-container elementor-column-gap-wide\">\n\t\t\t\t\t<div class=\"elementor-column elementor-col-50 elementor-top-column elementor-element elementor-element-9fbd46c\" data-id=\"9fbd46c\" data-element_type=\"column\" data-settings=\"{&quot;background_background&quot;:&quot;classic&quot;}\">\n\t\t\t<div class=\"elementor-widget-wrap elementor-element-populated\">\n\t\t\t\t\t\t<div class=\"elementor-element elementor-element-45391c6 elementor-widget elementor-widget-heading\" data-id=\"45391c6\" data-element_type=\"widget\" data-widget_type=\"heading.default\">\n\t\t\t\t<div class=\"elementor-widget-container\">\n\t\t\t\t\t<h2 class=\"elementor-heading-title elementor-size-default\">  <\/h2>\t\t\t\t<\/div>\n\t\t\t\t<\/div>\n\t\t\t\t\t<\/div>\n\t\t<\/div>\n\t\t\t\t<div class=\"elementor-column elementor-col-50 elementor-top-column elementor-element elementor-element-adfa319\" data-id=\"adfa319\" data-element_type=\"column\">\n\t\t\t<div class=\"elementor-widget-wrap elementor-element-populated\">\n\t\t\t\t\t\t<div class=\"elementor-element elementor-element-cd19391 elementor-widget elementor-widget-heading\" data-id=\"cd19391\" data-element_type=\"widget\" data-widget_type=\"heading.default\">\n\t\t\t\t<div class=\"elementor-widget-container\">\n\t\t\t\t\t<h2 class=\"elementor-heading-title elementor-size-default\">Faites de votre maison un refuge parfum\u00e9 avec POUF<\/h2>\t\t\t\t<\/div>\n\t\t\t\t<\/div>\n\t\t\t\t<div class=\"elementor-element elementor-element-847f59c elementor-widget-divider--view-line elementor-widget elementor-widget-divider\" data-id=\"847f59c\" data-element_type=\"widget\" data-widget_type=\"divider.default\">\n\t\t\t\t<div class=\"elementor-widget-container\">\n\t\t\t\t\t\t\t<div class=\"elementor-divider\">\n\t\t\t<span class=\"elementor-divider-separator\">\n\t\t\t\t\t\t<\/span>\n\t\t<\/div>\n\t\t\t\t\t\t<\/div>\n\t\t\t\t<\/div>\n\t\t\t\t<div class=\"elementor-element elementor-element-7b5e686 elementor-widget elementor-widget-text-editor\" data-id=\"7b5e686\" data-element_type=\"widget\" data-widget_type=\"text-editor.default\">\n\t\t\t\t<div class=\"elementor-widget-container\">\n\t\t\t\t\t\t\t\t\t<p>Vous rentrez chez vous pour trouver votre oasis de paix, un endroit o\u00f9 vous pouvez vous d\u00e9tendre et vous ressourcer. Mais parfois, m\u00eame la maison la plus propre peut \u00eatre envahie par des odeurs d\u00e9sagr\u00e9ables qui perturbent votre tranquillit\u00e9 d&rsquo;esprit. <\/p>\n<p>POUF est votre alli\u00e9 secret pour un environnement toujours frais et agr\u00e9able. Ce puissant \u00e9liminateur d&rsquo;odeurs : <\/p>\n<ul>\n<li>Il \u00e9limine \u00e0 la racine les odeurs les plus persistantes, telles que celles provenant de la cuisine, des animaux domestiques ou de la fum\u00e9e, sans les masquer avec des parfums artificiels.<\/li>\n<li>Il prot\u00e8ge les surfaces sans laisser d&rsquo;aur\u00e9oles ni de r\u00e9sidus, pour que vos pi\u00e8ces restent toujours impeccables.<\/li>\n<li>Il est doux pour les tissus et sans danger pour toute la famille, m\u00eame pour les personnes souffrant d&rsquo;allergies ou d&rsquo;intol\u00e9rances.<\/li>\n<li>Il vous procure une sensation durable de propret\u00e9 et de bien-\u00eatre, enveloppant votre maison d&rsquo;une atmosph\u00e8re fra\u00eeche et accueillante.<\/li>\n<\/ul>\n<p>Avec POUF, votre maison sera toujours votre refuge id\u00e9al.<\/p><\/p>\n\t\t\t\t\t\t\t\t<\/div>\n\t\t\t\t<\/div>\n\t\t<div class=\"elementor-element elementor-element-6fc7ec4 e-flex e-con-boxed e-con e-parent\" data-id=\"6fc7ec4\" data-element_type=\"container\">\n\t\t\t\t\t<div class=\"e-con-inner\">\n\t\t\t\t<div class=\"elementor-element elementor-element-14d315c elementor-align-center elementor-widget elementor-widget-button\" data-id=\"14d315c\" data-element_type=\"widget\" data-widget_type=\"button.default\">\n\t\t\t\t<div class=\"elementor-widget-container\">\n\t\t\t\t\t\t\t\t\t<div class=\"elementor-button-wrapper\">\n\t\t\t\t\t<a class=\"elementor-button elementor-button-link elementor-size-sm\" href=\"https:\/\/www.poufodori.it\/pouf2x100\/\">\n\t\t\t\t\t\t<span class=\"elementor-button-content-wrapper\">\n\t\t\t\t\t\t\t\t\t<span class=\"elementor-button-text\">Acheter<\/span>\n\t\t\t\t\t<\/span>\n\t\t\t\t\t<\/a>\n\t\t\t\t<\/div>\n\t\t\t\t\t\t\t\t<\/div>\n\t\t\t\t<\/div>\n\t\t\t\t\t<\/div>\n\t\t\t\t<\/div>\n\t\t\t\t\t<\/div>\n\t\t<\/div>\n\t\t\t\t\t<\/div>\n\t\t<\/section>\n\t\t\t\t<\/div>\n\t\t","protected":false},"excerpt":{"rendered":"<p>Pouf D\u00e9couvrez Pouf, l&rsquo;\u00e9liminateur d&rsquo;odeurs qui ne laisse pas de traces Entrer dans un environnement infest\u00e9 d&rsquo;odeurs peut \u00eatre franchement ennuyeux. Peut-\u00eatre \u00eates-vous le genre de personne qui n&rsquo;aime pas avoir recours aux parfumeurs, mais quelle alternative avez-vous ? Il y a maintenant Pouf, l&rsquo;\u00e9liminateur d&rsquo;odeurs ! Un flacon pulv\u00e9risateur pratique qui fait dispara\u00eetre en [&hellip;]<\/p>\n","protected":false},"author":3,"featured_media":0,"parent":0,"menu_order":0,"comment_status":"closed","ping_status":"closed","template":"","meta":{"site-sidebar-layout":"no-sidebar","site-content-layout":"page-builder","ast-site-content-layout":"full-width-container","site-content-style":"unboxed","site-sidebar-style":"unboxed","ast-global-header-display":"","ast-banner-title-visibility":"","ast-main-header-display":"","ast-hfb-above-header-display":"","ast-hfb-below-header-display":"","ast-hfb-mobile-header-display":"","site-post-title":"disabled","ast-breadcrumbs-content":"","ast-featured-img":"disabled","footer-sml-layout":"","ast-disable-related-posts":"","theme-transparent-header-meta":"default","adv-header-id-meta":"","stick-header-meta":"","header-above-stick-meta":"","header-main-stick-meta":"","header-below-stick-meta":"","astra-migrate-meta-layouts":"default","ast-page-background-enabled":"default","ast-page-background-meta":{"desktop":{"background-color":"var(--ast-global-color-4)","background-image":"","background-repeat":"repeat","background-position":"center center","background-size":"auto","background-attachment":"scroll","background-type":"","background-media":"","overlay-type":"","overlay-color":"","overlay-opacity":"","overlay-gradient":""},"tablet":{"background-color":"","background-image":"","background-repeat":"repeat","background-position":"center center","background-size":"auto","background-attachment":"scroll","background-type":"","background-media":"","overlay-type":"","overlay-color":"","overlay-opacity":"","overlay-gradient":""},"mobile":{"background-color":"","background-image":"","background-repeat":"repeat","background-position":"center center","background-size":"auto","background-attachment":"scroll","background-type":"","background-media":"","overlay-type":"","overlay-color":"","overlay-opacity":"","overlay-gradient":""}},"ast-content-background-meta":{"desktop":{"background-color":"var(--ast-global-color-5)","background-image":"","background-repeat":"repeat","background-position":"center center","background-size":"auto","background-attachment":"scroll","background-type":"","background-media":"","overlay-type":"","overlay-color":"","overlay-opacity":"","overlay-gradient":""},"tablet":{"background-color":"var(--ast-global-color-5)","background-image":"","background-repeat":"repeat","background-position":"center center","background-size":"auto","background-attachment":"scroll","background-type":"","background-media":"","overlay-type":"","overlay-color":"","overlay-opacity":"","overlay-gradient":""},"mobile":{"background-color":"var(--ast-global-color-5)","background-image":"","background-repeat":"repeat","background-position":"center center","background-size":"auto","background-attachment":"scroll","background-type":"","background-media":"","overlay-type":"","overlay-color":"","overlay-opacity":"","overlay-gradient":""}},"footnotes":""},"class_list":["post-1195","page","type-page","status-publish","hentry"],"aioseo_notices":[],"_links":{"self":[{"href":"https:\/\/neos-service.com\/fr\/wp-json\/wp\/v2\/pages\/1195","targetHints":{"allow":["GET"]}}],"collection":[{"href":"https:\/\/neos-service.com\/fr\/wp-json\/wp\/v2\/pages"}],"about":[{"href":"https:\/\/neos-service.com\/fr\/wp-json\/wp\/v2\/types\/page"}],"author":[{"embeddable":true,"href":"https:\/\/neos-service.com\/fr\/wp-json\/wp\/v2\/users\/3"}],"replies":[{"embeddable":true,"href":"https:\/\/neos-service.com\/fr\/wp-json\/wp\/v2\/comments?post=1195"}],"version-history":[{"count":4,"href":"https:\/\/neos-service.com\/fr\/wp-json\/wp\/v2\/pages\/1195\/revisions"}],"predecessor-version":[{"id":1221,"href":"https:\/\/neos-service.com\/fr\/wp-json\/wp\/v2\/pages\/1195\/revisions\/1221"}],"wp:attachment":[{"href":"https:\/\/neos-service.com\/fr\/wp-json\/wp\/v2\/media?parent=1195"}],"curies":[{"name":"wp","href":"https:\/\/api.w.org\/{rel}","templated":true}]}}