{"id":2060,"date":"2025-02-05T16:33:16","date_gmt":"2025-02-05T16:33:16","guid":{"rendered":"https:\/\/neos-service.com\/wasseraufbereitung-2\/"},"modified":"2025-02-14T17:27:38","modified_gmt":"2025-02-14T17:27:38","slug":"wasseraufbereitung-2","status":"publish","type":"page","link":"https:\/\/neos-service.com\/de\/wasseraufbereitung-2\/","title":{"rendered":"WASSERAUFBEREITUNG"},"content":{"rendered":"\t\t<div data-elementor-type=\"wp-page\" data-elementor-id=\"2060\" class=\"elementor elementor-2060 elementor-1760\">\n\t\t\t\t\t\t<section class=\"elementor-section elementor-top-section elementor-element elementor-element-735a84df elementor-section-boxed elementor-section-height-default elementor-section-height-default\" data-id=\"735a84df\" data-element_type=\"section\">\n\t\t\t\t\t\t<div class=\"elementor-container elementor-column-gap-default\">\n\t\t\t\t\t<div class=\"elementor-column elementor-col-100 elementor-top-column elementor-element elementor-element-57091d18\" data-id=\"57091d18\" data-element_type=\"column\">\n\t\t\t<div class=\"elementor-widget-wrap elementor-element-populated\">\n\t\t\t\t\t\t<div class=\"elementor-element elementor-element-40125a8c elementor-widget elementor-widget-heading\" data-id=\"40125a8c\" data-element_type=\"widget\" data-widget_type=\"heading.default\">\n\t\t\t\t<div class=\"elementor-widget-container\">\n\t\t\t\t\t<h2 class=\"elementor-heading-title elementor-size-default\">\nBEHANDLUNGSWASSER<\/h2>\t\t\t\t<\/div>\n\t\t\t\t<\/div>\n\t\t\t\t<div class=\"elementor-element elementor-element-306685b4 elementor-widget-divider--view-line elementor-widget elementor-widget-divider\" data-id=\"306685b4\" data-element_type=\"widget\" data-widget_type=\"divider.default\">\n\t\t\t\t<div class=\"elementor-widget-container\">\n\t\t\t\t\t\t\t<div class=\"elementor-divider\">\n\t\t\t<span class=\"elementor-divider-separator\">\n\t\t\t\t\t\t<\/span>\n\t\t<\/div>\n\t\t\t\t\t\t<\/div>\n\t\t\t\t<\/div>\n\t\t\t\t\t<\/div>\n\t\t<\/div>\n\t\t\t\t\t<\/div>\n\t\t<\/section>\n\t\t<div class=\"elementor-element elementor-element-78da55a2 e-flex e-con-boxed e-con e-parent\" data-id=\"78da55a2\" data-element_type=\"container\">\n\t\t\t\t\t<div class=\"e-con-inner\">\n\t\t\t\t\t<\/div>\n\t\t\t\t<\/div>\n\t\t<div class=\"elementor-element elementor-element-424a8d21 e-flex e-con-boxed e-con e-parent\" data-id=\"424a8d21\" data-element_type=\"container\">\n\t\t\t\t\t<div class=\"e-con-inner\">\n\t\t\t\t<div class=\"elementor-element elementor-element-5e324b49 elementor-widget elementor-widget-text-editor\" data-id=\"5e324b49\" data-element_type=\"widget\" data-widget_type=\"text-editor.default\">\n\t\t\t\t<div class=\"elementor-widget-container\">\n\t\t\t\t\t\t\t\t\t<h3 style=\"text-align: center;\"><span style=\"color: #ff9900;\">ENTDECKEN SIE UNSERE PRODUKTE<\/span><\/h3>\n\t\t\t\t\t\t\t\t<\/div>\n\t\t\t\t<\/div>\n\t\t\t\t\t<\/div>\n\t\t\t\t<\/div>\n\t\t<div class=\"elementor-element elementor-element-1facefa e-flex e-con-boxed e-con e-parent\" data-id=\"1facefa\" data-element_type=\"container\">\n\t\t\t\t\t<div class=\"e-con-inner\">\n\t\t<div class=\"elementor-element elementor-element-2529ce48 e-con-full e-flex e-con e-child\" data-id=\"2529ce48\" data-element_type=\"container\">\n\t\t\t\t<div class=\"elementor-element elementor-element-3979a2d8 elementor-widget__width-auto elementor-widget elementor-widget-image\" data-id=\"3979a2d8\" data-element_type=\"widget\" data-widget_type=\"image.default\">\n\t\t\t\t<div class=\"elementor-widget-container\">\n\t\t\t\t\t\t\t\t\t\t\t\t\t\t\t<img fetchpriority=\"high\" decoding=\"async\" width=\"401\" height=\"234\" src=\"https:\/\/neos-service.com\/wp-content\/uploads\/2025\/02\/PRODOTTI-CHIMICI-i-nostri-prodotti-efficienza-ecc.jpg\" class=\"attachment-large size-large wp-image-1683\" alt=\"\" srcset=\"https:\/\/neos-service.com\/wp-content\/uploads\/2025\/02\/PRODOTTI-CHIMICI-i-nostri-prodotti-efficienza-ecc.jpg 401w, https:\/\/neos-service.com\/wp-content\/uploads\/2025\/02\/PRODOTTI-CHIMICI-i-nostri-prodotti-efficienza-ecc-300x175.jpg 300w\" sizes=\"(max-width: 401px) 100vw, 401px\" \/>\t\t\t\t\t\t\t\t\t\t\t\t\t\t\t<\/div>\n\t\t\t\t<\/div>\n\t\t\t\t<div class=\"elementor-element elementor-element-300723b elementor-align-center elementor-widget elementor-widget-button\" data-id=\"300723b\" data-element_type=\"widget\" data-widget_type=\"button.default\">\n\t\t\t\t<div class=\"elementor-widget-container\">\n\t\t\t\t\t\t\t\t\t<div class=\"elementor-button-wrapper\">\n\t\t\t\t\t<a class=\"elementor-button elementor-button-link elementor-size-sm\" href=\"https:\/\/neos-service.com\/de\/kontakte\/\">\n\t\t\t\t\t\t<span class=\"elementor-button-content-wrapper\">\n\t\t\t\t\t\t\t\t\t<span class=\"elementor-button-text\">Kontaktieren Sie uns<\/span>\n\t\t\t\t\t<\/span>\n\t\t\t\t\t<\/a>\n\t\t\t\t<\/div>\n\t\t\t\t\t\t\t\t<\/div>\n\t\t\t\t<\/div>\n\t\t\t\t<\/div>\n\t\t<div class=\"elementor-element elementor-element-313f3d68 e-con-full e-flex e-con e-child\" data-id=\"313f3d68\" data-element_type=\"container\">\n\t\t\t\t<div class=\"elementor-element elementor-element-4e44bb9c elementor-widget__width-auto elementor-widget elementor-widget-text-editor\" data-id=\"4e44bb9c\" data-element_type=\"widget\" data-widget_type=\"text-editor.default\">\n\t\t\t\t<div class=\"elementor-widget-container\">\n\t\t\t\t\t\t\t\t\t<p>Chemikalien, die f\u00fcr Effizienz und Nachhaltigkeit in Behandlungsprozessen entwickelt wurden.<\/p>\n<p>Wir bieten spezifische L\u00f6sungen zur Verbesserung der Wasserqualit\u00e4t, zur Optimierung von Prozessen und zur Einhaltung von Umweltvorschriften.<\/p>\n\t\t\t\t\t\t\t\t<\/div>\n\t\t\t\t<\/div>\n\t\t\t\t<\/div>\n\t\t\t\t\t<\/div>\n\t\t\t\t<\/div>\n\t\t<div class=\"elementor-element elementor-element-e90ed0f e-flex e-con-boxed e-con e-parent\" data-id=\"e90ed0f\" data-element_type=\"container\" data-settings=\"{&quot;background_background&quot;:&quot;classic&quot;}\">\n\t\t\t\t\t<div class=\"e-con-inner\">\n\t\t\t\t\t<\/div>\n\t\t\t\t<\/div>\n\t\t\t\t<\/div>\n\t\t","protected":false},"excerpt":{"rendered":"<p>BEHANDLUNGSWASSER Kontaktieren Sie uns ENTDECKEN SIE UNSERE PRODUKTE Kontaktieren Sie uns Chemikalien, die f\u00fcr Effizienz und Nachhaltigkeit in Behandlungsprozessen entwickelt wurden. Wir bieten spezifische L\u00f6sungen zur Verbesserung der Wasserqualit\u00e4t, zur Optimierung von Prozessen und zur Einhaltung von Umweltvorschriften.<\/p>\n","protected":false},"author":3,"featured_media":0,"parent":0,"menu_order":0,"comment_status":"closed","ping_status":"closed","template":"","meta":{"site-sidebar-layout":"no-sidebar","site-content-layout":"page-builder","ast-site-content-layout":"full-width-container","site-content-style":"unboxed","site-sidebar-style":"unboxed","ast-global-header-display":"","ast-banner-title-visibility":"","ast-main-header-display":"","ast-hfb-above-header-display":"","ast-hfb-below-header-display":"","ast-hfb-mobile-header-display":"","site-post-title":"disabled","ast-breadcrumbs-content":"","ast-featured-img":"disabled","footer-sml-layout":"","ast-disable-related-posts":"","theme-transparent-header-meta":"default","adv-header-id-meta":"","stick-header-meta":"","header-above-stick-meta":"","header-main-stick-meta":"","header-below-stick-meta":"","astra-migrate-meta-layouts":"default","ast-page-background-enabled":"default","ast-page-background-meta":{"desktop":{"background-color":"var(--ast-global-color-4)","background-image":"","background-repeat":"repeat","background-position":"center center","background-size":"auto","background-attachment":"scroll","background-type":"","background-media":"","overlay-type":"","overlay-color":"","overlay-opacity":"","overlay-gradient":""},"tablet":{"background-color":"","background-image":"","background-repeat":"repeat","background-position":"center center","background-size":"auto","background-attachment":"scroll","background-type":"","background-media":"","overlay-type":"","overlay-color":"","overlay-opacity":"","overlay-gradient":""},"mobile":{"background-color":"","background-image":"","background-repeat":"repeat","background-position":"center center","background-size":"auto","background-attachment":"scroll","background-type":"","background-media":"","overlay-type":"","overlay-color":"","overlay-opacity":"","overlay-gradient":""}},"ast-content-background-meta":{"desktop":{"background-color":"var(--ast-global-color-5)","background-image":"","background-repeat":"repeat","background-position":"center center","background-size":"auto","background-attachment":"scroll","background-type":"","background-media":"","overlay-type":"","overlay-color":"","overlay-opacity":"","overlay-gradient":""},"tablet":{"background-color":"var(--ast-global-color-5)","background-image":"","background-repeat":"repeat","background-position":"center center","background-size":"auto","background-attachment":"scroll","background-type":"","background-media":"","overlay-type":"","overlay-color":"","overlay-opacity":"","overlay-gradient":""},"mobile":{"background-color":"var(--ast-global-color-5)","background-image":"","background-repeat":"repeat","background-position":"center center","background-size":"auto","background-attachment":"scroll","background-type":"","background-media":"","overlay-type":"","overlay-color":"","overlay-opacity":"","overlay-gradient":""}},"footnotes":""},"class_list":["post-2060","page","type-page","status-publish","hentry"],"aioseo_notices":[],"_links":{"self":[{"href":"https:\/\/neos-service.com\/de\/wp-json\/wp\/v2\/pages\/2060","targetHints":{"allow":["GET"]}}],"collection":[{"href":"https:\/\/neos-service.com\/de\/wp-json\/wp\/v2\/pages"}],"about":[{"href":"https:\/\/neos-service.com\/de\/wp-json\/wp\/v2\/types\/page"}],"author":[{"embeddable":true,"href":"https:\/\/neos-service.com\/de\/wp-json\/wp\/v2\/users\/3"}],"replies":[{"embeddable":true,"href":"https:\/\/neos-service.com\/de\/wp-json\/wp\/v2\/comments?post=2060"}],"version-history":[{"count":2,"href":"https:\/\/neos-service.com\/de\/wp-json\/wp\/v2\/pages\/2060\/revisions"}],"predecessor-version":[{"id":2153,"href":"https:\/\/neos-service.com\/de\/wp-json\/wp\/v2\/pages\/2060\/revisions\/2153"}],"wp:attachment":[{"href":"https:\/\/neos-service.com\/de\/wp-json\/wp\/v2\/media?parent=2060"}],"curies":[{"name":"wp","href":"https:\/\/api.w.org\/{rel}","templated":true}]}}