{"id":2022,"date":"2025-02-05T16:10:33","date_gmt":"2025-02-05T16:10:33","guid":{"rendered":"https:\/\/neos-service.com\/detergenti-sanitizzanti-e-disinfettanti\/"},"modified":"2025-02-12T14:02:35","modified_gmt":"2025-02-12T14:02:35","slug":"detergenti-sanitizzanti-e-disinfettanti","status":"publish","type":"page","link":"https:\/\/neos-service.com\/de\/detergenti-sanitizzanti-e-disinfettanti\/","title":{"rendered":"Reinigungsmittel, Desinfektionsmittel und Desinfektionsmittel"},"content":{"rendered":"\t\t<div data-elementor-type=\"wp-page\" data-elementor-id=\"2022\" class=\"elementor elementor-2022 elementor-1718\">\n\t\t\t\t\t\t<section class=\"elementor-section elementor-top-section elementor-element elementor-element-5a95d9d8 elementor-section-boxed elementor-section-height-default elementor-section-height-default\" data-id=\"5a95d9d8\" data-element_type=\"section\">\n\t\t\t\t\t\t<div class=\"elementor-container elementor-column-gap-default\">\n\t\t\t\t\t<div class=\"elementor-column elementor-col-100 elementor-top-column elementor-element elementor-element-7cfc2298\" data-id=\"7cfc2298\" data-element_type=\"column\">\n\t\t\t<div class=\"elementor-widget-wrap elementor-element-populated\">\n\t\t\t\t\t\t<div class=\"elementor-element elementor-element-2b69749e elementor-widget elementor-widget-heading\" data-id=\"2b69749e\" data-element_type=\"widget\" data-widget_type=\"heading.default\">\n\t\t\t\t<div class=\"elementor-widget-container\">\n\t\t\t\t\t<h2 class=\"elementor-heading-title elementor-size-default\">Reinigungsmittel, Desinfektionsmittel und Desinfektionsmittel<\/h2>\t\t\t\t<\/div>\n\t\t\t\t<\/div>\n\t\t\t\t<div class=\"elementor-element elementor-element-2b51dd27 elementor-widget-divider--view-line elementor-widget elementor-widget-divider\" data-id=\"2b51dd27\" data-element_type=\"widget\" data-widget_type=\"divider.default\">\n\t\t\t\t<div class=\"elementor-widget-container\">\n\t\t\t\t\t\t\t<div class=\"elementor-divider\">\n\t\t\t<span class=\"elementor-divider-separator\">\n\t\t\t\t\t\t<\/span>\n\t\t<\/div>\n\t\t\t\t\t\t<\/div>\n\t\t\t\t<\/div>\n\t\t\t\t\t<\/div>\n\t\t<\/div>\n\t\t\t\t\t<\/div>\n\t\t<\/section>\n\t\t<div class=\"elementor-element elementor-element-34f44975 e-flex e-con-boxed e-con e-parent\" data-id=\"34f44975\" data-element_type=\"container\">\n\t\t\t\t\t<div class=\"e-con-inner\">\n\t\t\t\t\t<\/div>\n\t\t\t\t<\/div>\n\t\t<div class=\"elementor-element elementor-element-5285e9cb e-flex e-con-boxed e-con e-parent\" data-id=\"5285e9cb\" data-element_type=\"container\">\n\t\t\t\t\t<div class=\"e-con-inner\">\n\t\t\t\t<div class=\"elementor-element elementor-element-49abf60b elementor-widget elementor-widget-text-editor\" data-id=\"49abf60b\" data-element_type=\"widget\" data-widget_type=\"text-editor.default\">\n\t\t\t\t<div class=\"elementor-widget-container\">\n\t\t\t\t\t\t\t\t\t<h3 style=\"text-align: center;\"><span style=\"color: #ff9900;\">NEOS SERVICE: Professionelle Reinigungs- und Hygienel\u00f6sungen<\/span><\/h3>\n\t\t\t\t\t\t\t\t<\/div>\n\t\t\t\t<\/div>\n\t\t\t\t\t<\/div>\n\t\t\t\t<\/div>\n\t\t<div class=\"elementor-element elementor-element-4466e546 e-flex e-con-boxed e-con e-parent\" data-id=\"4466e546\" data-element_type=\"container\">\n\t\t\t\t\t<div class=\"e-con-inner\">\n\t\t<div class=\"elementor-element elementor-element-485d9c1f e-con-full e-flex e-con e-child\" data-id=\"485d9c1f\" data-element_type=\"container\">\n\t\t\t\t<div class=\"elementor-element elementor-element-7232a4bc elementor-widget__width-auto elementor-widget elementor-widget-image\" data-id=\"7232a4bc\" data-element_type=\"widget\" data-widget_type=\"image.default\">\n\t\t\t\t<div class=\"elementor-widget-container\">\n\t\t\t\t\t\t\t\t\t\t\t\t\t\t\t<img fetchpriority=\"high\" decoding=\"async\" width=\"1024\" height=\"1024\" src=\"https:\/\/neos-service.com\/wp-content\/uploads\/2025\/02\/DETERGENTI-soluzioni-professionali.webp\" class=\"attachment-large size-large wp-image-1740\" alt=\"\" srcset=\"https:\/\/neos-service.com\/wp-content\/uploads\/2025\/02\/DETERGENTI-soluzioni-professionali.webp 1024w, https:\/\/neos-service.com\/wp-content\/uploads\/2025\/02\/DETERGENTI-soluzioni-professionali-300x300.webp 300w, https:\/\/neos-service.com\/wp-content\/uploads\/2025\/02\/DETERGENTI-soluzioni-professionali-150x150.webp 150w, https:\/\/neos-service.com\/wp-content\/uploads\/2025\/02\/DETERGENTI-soluzioni-professionali-768x768.webp 768w\" sizes=\"(max-width: 1024px) 100vw, 1024px\" \/>\t\t\t\t\t\t\t\t\t\t\t\t\t\t\t<\/div>\n\t\t\t\t<\/div>\n\t\t\t\t<div class=\"elementor-element elementor-element-449b6329 elementor-align-center elementor-widget elementor-widget-button\" data-id=\"449b6329\" data-element_type=\"widget\" data-widget_type=\"button.default\">\n\t\t\t\t<div class=\"elementor-widget-container\">\n\t\t\t\t\t\t\t\t\t<div class=\"elementor-button-wrapper\">\n\t\t\t\t\t<a class=\"elementor-button elementor-button-link elementor-size-sm\" href=\"https:\/\/neos-service.com\/de\/kontakte\/\">\n\t\t\t\t\t\t<span class=\"elementor-button-content-wrapper\">\n\t\t\t\t\t\t\t\t\t<span class=\"elementor-button-text\">Kontaktieren Sie uns<\/span>\n\t\t\t\t\t<\/span>\n\t\t\t\t\t<\/a>\n\t\t\t\t<\/div>\n\t\t\t\t\t\t\t\t<\/div>\n\t\t\t\t<\/div>\n\t\t\t\t<\/div>\n\t\t<div class=\"elementor-element elementor-element-4b19839 e-con-full e-flex e-con e-child\" data-id=\"4b19839\" data-element_type=\"container\">\n\t\t\t\t<div class=\"elementor-element elementor-element-5aaa6c6e elementor-widget__width-auto elementor-widget elementor-widget-text-editor\" data-id=\"5aaa6c6e\" data-element_type=\"widget\" data-widget_type=\"text-editor.default\">\n\t\t\t\t<div class=\"elementor-widget-container\">\n\t\t\t\t\t\t\t\t\t<p>Neos Service bietet ein komplettes Sortiment an Reinigungs-, Desinfektions- und Desinfektionsmitteln f\u00fcr eine sichere und saubere Umgebung.<\/p>\n<p>Unsere Reiniger entfernen effektiv sichtbaren Schmutz von Oberfl\u00e4chen, Maschinen und Umgebungen aller Art.<\/p>\n<p>Mit dem Desinfektionsmittel sorgen wir f\u00fcr die Beseitigung von Bakterien und Verunreinigungen, f\u00fcr eine gr\u00fcndliche Hygiene.<\/p>\n<p>Desinfektionsmittel reduzieren die mikrobiologische Belastung durch chemische und physikalische L\u00f6sungen, sch\u00fctzen die Gesundheit und erf\u00fcllen die Hygienevorschriften.<\/p>\n<p>Die Qualit\u00e4t der Produkte von Neos Service ist ein Synonym f\u00fcr Zuverl\u00e4ssigkeit und Sicherheit.<\/p>\n\t\t\t\t\t\t\t\t<\/div>\n\t\t\t\t<\/div>\n\t\t\t\t<\/div>\n\t\t\t\t\t<\/div>\n\t\t\t\t<\/div>\n\t\t<div class=\"elementor-element elementor-element-89c40d0 e-flex e-con-boxed e-con e-parent\" data-id=\"89c40d0\" data-element_type=\"container\" data-settings=\"{&quot;background_background&quot;:&quot;classic&quot;}\">\n\t\t\t\t\t<div class=\"e-con-inner\">\n\t\t<div class=\"elementor-element elementor-element-534c2d0 e-con-full e-flex e-con e-child\" data-id=\"534c2d0\" data-element_type=\"container\">\n\t\t\t\t<div class=\"elementor-element elementor-element-ad186fb elementor-widget elementor-widget-image\" data-id=\"ad186fb\" data-element_type=\"widget\" data-widget_type=\"image.default\">\n\t\t\t\t<div class=\"elementor-widget-container\">\n\t\t\t\t\t\t\t\t\t\t\t\t\t\t\t<img decoding=\"async\" width=\"350\" height=\"150\" src=\"https:\/\/neos-service.com\/wp-content\/uploads\/2025\/02\/DETERGENTI-NE-PROCLEAN.png\" class=\"attachment-large size-large wp-image-1732\" alt=\"\" srcset=\"https:\/\/neos-service.com\/wp-content\/uploads\/2025\/02\/DETERGENTI-NE-PROCLEAN.png 350w, https:\/\/neos-service.com\/wp-content\/uploads\/2025\/02\/DETERGENTI-NE-PROCLEAN-300x129.png 300w\" sizes=\"(max-width: 350px) 100vw, 350px\" \/>\t\t\t\t\t\t\t\t\t\t\t\t\t\t\t<\/div>\n\t\t\t\t<\/div>\n\t\t\t\t<div class=\"elementor-element elementor-element-89d428c elementor-widget__width-initial elementor-widget elementor-widget-heading\" data-id=\"89d428c\" data-element_type=\"widget\" data-widget_type=\"heading.default\">\n\t\t\t\t<div class=\"elementor-widget-container\">\n\t\t\t\t\t<h2 class=\"elementor-heading-title elementor-size-default\">NE PROCLEAN 214<\/h2>\t\t\t\t<\/div>\n\t\t\t\t<\/div>\n\t\t\t\t<div class=\"elementor-element elementor-element-891d5a4 elementor-widget__width-initial elementor-widget elementor-widget-text-editor\" data-id=\"891d5a4\" data-element_type=\"widget\" data-widget_type=\"text-editor.default\">\n\t\t\t\t<div class=\"elementor-widget-container\">\n\t\t\t\t\t\t\t\t\t<p style=\"text-align: center;\"><span style=\"color: #000000;\">Ausgestattet mit einem hochwirksamen <\/span><span style=\"color: #000000;\">Desinfektionsmittel, erf\u00fcllt es alle<\/span><br \/><span style=\"color: #000000;\">Reinigung, Desinfektion und Desinfizierung <\/span><span style=\"color: #000000;\">Desinfizierung und Desinfektion.<\/span><\/p>\n\t\t\t\t\t\t\t\t<\/div>\n\t\t\t\t<\/div>\n\t\t\t\t<div class=\"elementor-element elementor-element-8b13b7e elementor-align-center elementor-widget__width-initial elementor-widget elementor-widget-button\" data-id=\"8b13b7e\" data-element_type=\"widget\" data-widget_type=\"button.default\">\n\t\t\t\t<div class=\"elementor-widget-container\">\n\t\t\t\t\t\t\t\t\t<div class=\"elementor-button-wrapper\">\n\t\t\t\t\t<a class=\"elementor-button elementor-button-link elementor-size-sm\" href=\"https:\/\/neos-service.com\/de\/prodotti-chimici\/\">\n\t\t\t\t\t\t<span class=\"elementor-button-content-wrapper\">\n\t\t\t\t\t\t\t\t\t<span class=\"elementor-button-text\">Entdecken Sie<\/span>\n\t\t\t\t\t<\/span>\n\t\t\t\t\t<\/a>\n\t\t\t\t<\/div>\n\t\t\t\t\t\t\t\t<\/div>\n\t\t\t\t<\/div>\n\t\t\t\t<\/div>\n\t\t<div class=\"elementor-element elementor-element-3ff7f57 e-con-full e-flex e-con e-child\" data-id=\"3ff7f57\" data-element_type=\"container\">\n\t\t\t\t<div class=\"elementor-element elementor-element-c59f68d elementor-widget elementor-widget-image\" data-id=\"c59f68d\" data-element_type=\"widget\" data-widget_type=\"image.default\">\n\t\t\t\t<div class=\"elementor-widget-container\">\n\t\t\t\t\t\t\t\t\t\t\t\t\t\t\t<img decoding=\"async\" width=\"350\" height=\"150\" src=\"https:\/\/neos-service.com\/wp-content\/uploads\/2025\/02\/DETERGENTI-ne-silox-1.jpg\" class=\"attachment-large size-large wp-image-1753\" alt=\"\" srcset=\"https:\/\/neos-service.com\/wp-content\/uploads\/2025\/02\/DETERGENTI-ne-silox-1.jpg 350w, https:\/\/neos-service.com\/wp-content\/uploads\/2025\/02\/DETERGENTI-ne-silox-1-300x129.jpg 300w\" sizes=\"(max-width: 350px) 100vw, 350px\" \/>\t\t\t\t\t\t\t\t\t\t\t\t\t\t\t<\/div>\n\t\t\t\t<\/div>\n\t\t\t\t<div class=\"elementor-element elementor-element-58d818c elementor-widget__width-initial elementor-widget elementor-widget-heading\" data-id=\"58d818c\" data-element_type=\"widget\" data-widget_type=\"heading.default\">\n\t\t\t\t<div class=\"elementor-widget-container\">\n\t\t\t\t\t<h2 class=\"elementor-heading-title elementor-size-default\">NE SILOX 957<\/h2>\t\t\t\t<\/div>\n\t\t\t\t<\/div>\n\t\t\t\t<div class=\"elementor-element elementor-element-e083e43 elementor-widget__width-initial elementor-widget elementor-widget-text-editor\" data-id=\"e083e43\" data-element_type=\"widget\" data-widget_type=\"text-editor.default\">\n\t\t\t\t<div class=\"elementor-widget-container\">\n\t\t\t\t\t\t\t\t\t<p style=\"text-align: center;\">Fl\u00fcssiges Produkt auf Basis von aktivem Sauerstoff und Silbersalzen f\u00fcr die Kalt- und Hei\u00dfhygiene.<\/p>\n\t\t\t\t\t\t\t\t<\/div>\n\t\t\t\t<\/div>\n\t\t\t\t<div class=\"elementor-element elementor-element-73c9f47 elementor-align-center elementor-widget__width-initial elementor-widget elementor-widget-button\" data-id=\"73c9f47\" data-element_type=\"widget\" data-widget_type=\"button.default\">\n\t\t\t\t<div class=\"elementor-widget-container\">\n\t\t\t\t\t\t\t\t\t<div class=\"elementor-button-wrapper\">\n\t\t\t\t\t<a class=\"elementor-button elementor-button-link elementor-size-sm\" href=\"https:\/\/neos-service.com\/de\/prodotti-chimici\/\">\n\t\t\t\t\t\t<span class=\"elementor-button-content-wrapper\">\n\t\t\t\t\t\t\t\t\t<span class=\"elementor-button-text\">Entdecken Sie<\/span>\n\t\t\t\t\t<\/span>\n\t\t\t\t\t<\/a>\n\t\t\t\t<\/div>\n\t\t\t\t\t\t\t\t<\/div>\n\t\t\t\t<\/div>\n\t\t\t\t<\/div>\n\t\t\t\t\t<\/div>\n\t\t\t\t<\/div>\n\t\t<div class=\"elementor-element elementor-element-449bc2fd e-flex e-con-boxed e-con e-parent\" data-id=\"449bc2fd\" data-element_type=\"container\" data-settings=\"{&quot;background_background&quot;:&quot;classic&quot;}\">\n\t\t\t\t\t<div class=\"e-con-inner\">\n\t\t\t\t<div class=\"elementor-element elementor-element-698419ba elementor-widget elementor-widget-text-editor\" data-id=\"698419ba\" data-element_type=\"widget\" data-widget_type=\"text-editor.default\">\n\t\t\t\t<div class=\"elementor-widget-container\">\n\t\t\t\t\t\t\t\t\t<h3 style=\"text-align: center;\"><span style=\"color: #ffffff;\">KONTAKT US<\/span><\/h3>\n\t\t\t\t\t\t\t\t<\/div>\n\t\t\t\t<\/div>\n\t\t\t\t\t<\/div>\n\t\t\t\t<\/div>\n\t\t<div class=\"elementor-element elementor-element-30c87413 e-flex e-con-boxed e-con e-parent\" data-id=\"30c87413\" data-element_type=\"container\" data-settings=\"{&quot;background_background&quot;:&quot;classic&quot;}\">\n\t\t\t\t\t<div class=\"e-con-inner\">\n\t\t\t\t\t<\/div>\n\t\t\t\t<\/div>\n\t\t\t\t<\/div>\n\t\t","protected":false},"excerpt":{"rendered":"<p>Reinigungsmittel, Desinfektionsmittel und Desinfektionsmittel Kontaktieren Sie uns NEOS SERVICE: Professionelle Reinigungs- und Hygienel\u00f6sungen Kontaktieren Sie uns Neos Service bietet ein komplettes Sortiment an Reinigungs-, Desinfektions- und Desinfektionsmitteln f\u00fcr eine sichere und saubere Umgebung. Unsere Reiniger entfernen effektiv sichtbaren Schmutz von Oberfl\u00e4chen, Maschinen und Umgebungen aller Art. Mit dem Desinfektionsmittel sorgen wir f\u00fcr die Beseitigung von [&hellip;]<\/p>\n","protected":false},"author":3,"featured_media":0,"parent":0,"menu_order":0,"comment_status":"closed","ping_status":"closed","template":"","meta":{"site-sidebar-layout":"no-sidebar","site-content-layout":"page-builder","ast-site-content-layout":"full-width-container","site-content-style":"default","site-sidebar-style":"default","ast-global-header-display":"","ast-banner-title-visibility":"","ast-main-header-display":"","ast-hfb-above-header-display":"","ast-hfb-below-header-display":"","ast-hfb-mobile-header-display":"","site-post-title":"disabled","ast-breadcrumbs-content":"","ast-featured-img":"disabled","footer-sml-layout":"","ast-disable-related-posts":"","theme-transparent-header-meta":"","adv-header-id-meta":"","stick-header-meta":"","header-above-stick-meta":"","header-main-stick-meta":"","header-below-stick-meta":"","astra-migrate-meta-layouts":"default","ast-page-background-enabled":"default","ast-page-background-meta":{"desktop":{"background-color":"var(--ast-global-color-4)","background-image":"","background-repeat":"repeat","background-position":"center center","background-size":"auto","background-attachment":"scroll","background-type":"","background-media":"","overlay-type":"","overlay-color":"","overlay-opacity":"","overlay-gradient":""},"tablet":{"background-color":"","background-image":"","background-repeat":"repeat","background-position":"center center","background-size":"auto","background-attachment":"scroll","background-type":"","background-media":"","overlay-type":"","overlay-color":"","overlay-opacity":"","overlay-gradient":""},"mobile":{"background-color":"","background-image":"","background-repeat":"repeat","background-position":"center center","background-size":"auto","background-attachment":"scroll","background-type":"","background-media":"","overlay-type":"","overlay-color":"","overlay-opacity":"","overlay-gradient":""}},"ast-content-background-meta":{"desktop":{"background-color":"var(--ast-global-color-5)","background-image":"","background-repeat":"repeat","background-position":"center center","background-size":"auto","background-attachment":"scroll","background-type":"","background-media":"","overlay-type":"","overlay-color":"","overlay-opacity":"","overlay-gradient":""},"tablet":{"background-color":"var(--ast-global-color-5)","background-image":"","background-repeat":"repeat","background-position":"center center","background-size":"auto","background-attachment":"scroll","background-type":"","background-media":"","overlay-type":"","overlay-color":"","overlay-opacity":"","overlay-gradient":""},"mobile":{"background-color":"var(--ast-global-color-5)","background-image":"","background-repeat":"repeat","background-position":"center center","background-size":"auto","background-attachment":"scroll","background-type":"","background-media":"","overlay-type":"","overlay-color":"","overlay-opacity":"","overlay-gradient":""}},"footnotes":""},"class_list":["post-2022","page","type-page","status-publish","hentry"],"aioseo_notices":[],"_links":{"self":[{"href":"https:\/\/neos-service.com\/de\/wp-json\/wp\/v2\/pages\/2022","targetHints":{"allow":["GET"]}}],"collection":[{"href":"https:\/\/neos-service.com\/de\/wp-json\/wp\/v2\/pages"}],"about":[{"href":"https:\/\/neos-service.com\/de\/wp-json\/wp\/v2\/types\/page"}],"author":[{"embeddable":true,"href":"https:\/\/neos-service.com\/de\/wp-json\/wp\/v2\/users\/3"}],"replies":[{"embeddable":true,"href":"https:\/\/neos-service.com\/de\/wp-json\/wp\/v2\/comments?post=2022"}],"version-history":[{"count":1,"href":"https:\/\/neos-service.com\/de\/wp-json\/wp\/v2\/pages\/2022\/revisions"}],"predecessor-version":[{"id":2023,"href":"https:\/\/neos-service.com\/de\/wp-json\/wp\/v2\/pages\/2022\/revisions\/2023"}],"wp:attachment":[{"href":"https:\/\/neos-service.com\/de\/wp-json\/wp\/v2\/media?parent=2022"}],"curies":[{"name":"wp","href":"https:\/\/api.w.org\/{rel}","templated":true}]}}