{"id":1252,"date":"2024-12-28T07:32:56","date_gmt":"2024-12-28T07:32:56","guid":{"rendered":"https:\/\/neos-service.com\/wasseraufbereitung\/"},"modified":"2024-12-28T08:02:30","modified_gmt":"2024-12-28T08:02:30","slug":"wasseraufbereitung","status":"publish","type":"page","link":"https:\/\/neos-service.com\/de\/wasseraufbereitung\/","title":{"rendered":"WASSERAUFBEREITUNG"},"content":{"rendered":"\t\t<div data-elementor-type=\"wp-page\" data-elementor-id=\"1252\" class=\"elementor elementor-1252 elementor-1236\">\n\t\t\t\t<div class=\"elementor-element elementor-element-42dc168 e-flex e-con-boxed e-con e-parent\" data-id=\"42dc168\" data-element_type=\"container\">\n\t\t\t\t\t<div class=\"e-con-inner\">\n\t\t\t\t<div class=\"elementor-element elementor-element-6e8600e elementor-widget elementor-widget-heading\" data-id=\"6e8600e\" data-element_type=\"widget\" data-widget_type=\"heading.default\">\n\t\t\t\t<div class=\"elementor-widget-container\">\n\t\t\t\t\t<h2 class=\"elementor-heading-title elementor-size-default\">WASSERAUFBEREITUNG<\/h2>\t\t\t\t<\/div>\n\t\t\t\t<\/div>\n\t\t\t\t<div class=\"elementor-element elementor-element-3367f92 elementor-widget-divider--view-line elementor-widget elementor-widget-divider\" data-id=\"3367f92\" data-element_type=\"widget\" data-widget_type=\"divider.default\">\n\t\t\t\t<div class=\"elementor-widget-container\">\n\t\t\t\t\t\t\t<div class=\"elementor-divider\">\n\t\t\t<span class=\"elementor-divider-separator\">\n\t\t\t\t\t\t<\/span>\n\t\t<\/div>\n\t\t\t\t\t\t<\/div>\n\t\t\t\t<\/div>\n\t\t\t\t\t<\/div>\n\t\t\t\t<\/div>\n\t\t<div class=\"elementor-element elementor-element-ffc4b62 e-flex e-con-boxed e-con e-parent\" data-id=\"ffc4b62\" data-element_type=\"container\">\n\t\t\t\t\t<div class=\"e-con-inner\">\n\t\t\t\t<div class=\"elementor-element elementor-element-5bcf365 elementor-widget elementor-widget-text-editor\" data-id=\"5bcf365\" data-element_type=\"widget\" data-widget_type=\"text-editor.default\">\n\t\t\t\t<div class=\"elementor-widget-container\">\n\t\t\t\t\t\t\t\t\t<p>Die chemische Wasseraufbereitung ist ein entscheidendes Element, um die Effizienz von Industrieanlagen und die Sicherheit der Wasserressourcen zu gew\u00e4hrleisten. Durch den Einsatz spezifischer Chemikalien ist es m\u00f6glich, Probleme wie Verschmutzung, Korrosion und mikrobiologische Verunreinigung zu mindern und die Einhaltung der von den geltenden Vorschriften geforderten Qualit\u00e4tsparameter zu gew\u00e4hrleisten.<\/p>\n<\/p>\n<h2>Chemikalien f\u00fcr die Wasseraufbereitung<\/h2>\n<ol>\n<li>\n<p><strong>Desinfektionsmittel<\/strong> Oxidationsmittel wie Chlor, Natriumhypochlorit und Chlordioxid werden verwendet, um Wasser zu desinfizieren und die Beseitigung pathogener Mikroorganismen zu gew\u00e4hrleisten.<\/p>\n<\/li>\n<li>\n<p><strong>Koagulations- und Flockungsmittel<\/strong> Produkte wie Aluminiumsulfat und Eisenchlorid f\u00f6rdern die Aggregation von Kolloiden und Schwebstoffen und erleichtern deren Entfernung durch Sedimentation oder Filtration.<\/p>\n<\/li>\n<li>\n<p><strong>Fouling-Inhibitoren<\/strong> Chemische Verbindungen, darunter Polyphosphate und organische S\u00e4uren, verhindern die Bildung von Kalkablagerungen und anderen Verschmutzungen auf W\u00e4rmetauscheroberfl\u00e4chen und Rohren.<\/p>\n<\/li>\n<li>\n<p><strong>pH-Korrektoren<\/strong> Die Verwendung von S\u00e4uren (wie Salz- und Schwefels\u00e4ure) oder Basen (Natriumhydroxid, Natriumbicarbonat) erm\u00f6glicht es, den pH-Wert in einem optimalen Bereich zu halten und so Korrosion und Ablagerungen zu verhindern.<\/p>\n<\/li>\n<li>\n<p><strong>Anti-Algen und nicht-oxidierende Biozide<\/strong> Diese Produkte, die haupts\u00e4chlich in Schwimmb\u00e4dern und K\u00fchlt\u00fcrmen eingesetzt werden, verhindern die Entwicklung von Biofilmen und Algenbl\u00fcten und verbessern so die Betriebseffizienz der Anlagen.<\/p>\n<\/li>\n<li>\n<p><strong>Entsch\u00e4umer<\/strong> Formulierungen auf Basis von Silikonen oder Mineral\u00f6len werden zur Schaumkontrolle in industriellen Prozessen und bei der Abwasserbehandlung eingesetzt.<\/p>\n<\/li>\n<li>\n<p><strong>Entl\u00fcfter<\/strong> Verbindungen wie Natriumsulfit oder Hydrazin werden verwendet, um gel\u00f6sten Sauerstoff zu entfernen und so das Korrosionsrisiko in geschlossenen Kreisl\u00e4ufen und Kesseln zu verringern.<\/p>\n<\/li>\n<\/ol>\n<h3> <\/h3>\n<h3>Anwendungsbereiche<\/h3>\n<ul>\n<li><strong>W\u00e4rme- und K\u00fchlsysteme<\/strong>: Die Kombination aus Antiscalants, Korrosionsinhibitoren und Bioziden gew\u00e4hrleistet die Effizienz von W\u00e4rmetauschern und Verdunstungst\u00fcrmen.<\/li>\n<li><strong>Trinkwasser<\/strong>: Desinfektionsmittel und pH-Korrektoren sorgen f\u00fcr die Einhaltung der Trinkwasserstandards, indem sie Verunreinigungen entfernen und die organoleptischen Eigenschaften verbessern.<\/li>\n<li><strong>Abwasserbehandlung<\/strong>: Der Einsatz von Flockungsmitteln und Antischaummitteln erleichtert die Abtrennung von Schadstoffen und optimiert die Reinigungsprozesse.<\/li>\n<li><strong>Lebensmittel- und Pharmaindustrie<\/strong>: Hochspezifische Produkte werden verwendet, um die Reinheits- und Sterilit\u00e4tsanforderungen von Produktionsprozessen zu erf\u00fcllen.<\/li>\n<\/ul>\n<p>Die genaue Kontrolle der Wasserparameter und die Wahl der f\u00fcr die Betriebsbedingungen geeigneten chemischen Formulierungen sind wesentliche Aspekte f\u00fcr ein optimales Wassermanagement. Wenn Sie sich auf spezialisierte Lieferanten und ma\u00dfgeschneiderte L\u00f6sungen verlassen, k\u00f6nnen Sie die Nachhaltigkeit und Kontinuit\u00e4t Ihrer industriellen Aktivit\u00e4ten sicherstellen.<\/p>\n\t\t\t\t\t\t\t\t<\/div>\n\t\t\t\t<\/div>\n\t\t\t\t\t<\/div>\n\t\t\t\t<\/div>\n\t\t<div class=\"elementor-element elementor-element-b5ea6a2 e-flex e-con-boxed e-con e-parent\" data-id=\"b5ea6a2\" data-element_type=\"container\">\n\t\t\t\t\t<div class=\"e-con-inner\">\n\t\t\t\t<div class=\"elementor-element elementor-element-11bce7c elementor-align-center elementor-widget elementor-widget-button\" data-id=\"11bce7c\" data-element_type=\"widget\" data-widget_type=\"button.default\">\n\t\t\t\t<div class=\"elementor-widget-container\">\n\t\t\t\t\t\t\t\t\t<div class=\"elementor-button-wrapper\">\n\t\t\t\t\t<a class=\"elementor-button elementor-button-link elementor-size-sm\" href=\"https:\/\/neos-service.com\/de\/kontakte\/\">\n\t\t\t\t\t\t<span class=\"elementor-button-content-wrapper\">\n\t\t\t\t\t\t\t\t\t<span class=\"elementor-button-text\">Kontaktieren Sie uns f\u00fcr weitere Informationen<\/span>\n\t\t\t\t\t<\/span>\n\t\t\t\t\t<\/a>\n\t\t\t\t<\/div>\n\t\t\t\t\t\t\t\t<\/div>\n\t\t\t\t<\/div>\n\t\t\t\t\t<\/div>\n\t\t\t\t<\/div>\n\t\t\t\t<\/div>\n\t\t","protected":false},"excerpt":{"rendered":"<p>WASSERAUFBEREITUNG Die chemische Wasseraufbereitung ist ein entscheidendes Element, um die Effizienz von Industrieanlagen und die Sicherheit der Wasserressourcen zu gew\u00e4hrleisten. Durch den Einsatz spezifischer Chemikalien ist es m\u00f6glich, Probleme wie Verschmutzung, Korrosion und mikrobiologische Verunreinigung zu mindern und die Einhaltung der von den geltenden Vorschriften geforderten Qualit\u00e4tsparameter zu gew\u00e4hrleisten. Chemikalien f\u00fcr die Wasseraufbereitung Desinfektionsmittel Oxidationsmittel [&hellip;]<\/p>\n","protected":false},"author":3,"featured_media":0,"parent":0,"menu_order":0,"comment_status":"closed","ping_status":"closed","template":"","meta":{"site-sidebar-layout":"default","site-content-layout":"","ast-site-content-layout":"default","site-content-style":"default","site-sidebar-style":"default","ast-global-header-display":"","ast-banner-title-visibility":"","ast-main-header-display":"","ast-hfb-above-header-display":"","ast-hfb-below-header-display":"","ast-hfb-mobile-header-display":"","site-post-title":"","ast-breadcrumbs-content":"","ast-featured-img":"","footer-sml-layout":"","ast-disable-related-posts":"","theme-transparent-header-meta":"default","adv-header-id-meta":"","stick-header-meta":"","header-above-stick-meta":"","header-main-stick-meta":"","header-below-stick-meta":"","astra-migrate-meta-layouts":"default","ast-page-background-enabled":"default","ast-page-background-meta":{"desktop":{"background-color":"var(--ast-global-color-4)","background-image":"","background-repeat":"repeat","background-position":"center center","background-size":"auto","background-attachment":"scroll","background-type":"","background-media":"","overlay-type":"","overlay-color":"","overlay-opacity":"","overlay-gradient":""},"tablet":{"background-color":"","background-image":"","background-repeat":"repeat","background-position":"center center","background-size":"auto","background-attachment":"scroll","background-type":"","background-media":"","overlay-type":"","overlay-color":"","overlay-opacity":"","overlay-gradient":""},"mobile":{"background-color":"","background-image":"","background-repeat":"repeat","background-position":"center center","background-size":"auto","background-attachment":"scroll","background-type":"","background-media":"","overlay-type":"","overlay-color":"","overlay-opacity":"","overlay-gradient":""}},"ast-content-background-meta":{"desktop":{"background-color":"var(--ast-global-color-5)","background-image":"","background-repeat":"repeat","background-position":"center center","background-size":"auto","background-attachment":"scroll","background-type":"","background-media":"","overlay-type":"","overlay-color":"","overlay-opacity":"","overlay-gradient":""},"tablet":{"background-color":"var(--ast-global-color-5)","background-image":"","background-repeat":"repeat","background-position":"center center","background-size":"auto","background-attachment":"scroll","background-type":"","background-media":"","overlay-type":"","overlay-color":"","overlay-opacity":"","overlay-gradient":""},"mobile":{"background-color":"var(--ast-global-color-5)","background-image":"","background-repeat":"repeat","background-position":"center center","background-size":"auto","background-attachment":"scroll","background-type":"","background-media":"","overlay-type":"","overlay-color":"","overlay-opacity":"","overlay-gradient":""}},"footnotes":""},"class_list":["post-1252","page","type-page","status-publish","hentry"],"aioseo_notices":[],"_links":{"self":[{"href":"https:\/\/neos-service.com\/de\/wp-json\/wp\/v2\/pages\/1252","targetHints":{"allow":["GET"]}}],"collection":[{"href":"https:\/\/neos-service.com\/de\/wp-json\/wp\/v2\/pages"}],"about":[{"href":"https:\/\/neos-service.com\/de\/wp-json\/wp\/v2\/types\/page"}],"author":[{"embeddable":true,"href":"https:\/\/neos-service.com\/de\/wp-json\/wp\/v2\/users\/3"}],"replies":[{"embeddable":true,"href":"https:\/\/neos-service.com\/de\/wp-json\/wp\/v2\/comments?post=1252"}],"version-history":[{"count":1,"href":"https:\/\/neos-service.com\/de\/wp-json\/wp\/v2\/pages\/1252\/revisions"}],"predecessor-version":[{"id":1253,"href":"https:\/\/neos-service.com\/de\/wp-json\/wp\/v2\/pages\/1252\/revisions\/1253"}],"wp:attachment":[{"href":"https:\/\/neos-service.com\/de\/wp-json\/wp\/v2\/media?parent=1252"}],"curies":[{"name":"wp","href":"https:\/\/api.w.org\/{rel}","templated":true}]}}